{"id":20211,"date":"2021-08-10T15:34:28","date_gmt":"2021-08-10T12:34:28","guid":{"rendered":"https:\/\/horan.ngo\/?page_id=20211"},"modified":"2021-10-04T13:45:29","modified_gmt":"2021-10-04T10:45:29","slug":"privacy-policy","status":"publish","type":"page","link":"https:\/\/horan.ngo\/beta\/about-us\/privacy-policy\/","title":{"rendered":"\u0633\u064a\u0627\u0633\u0629 \u0627\u0644\u062e\u0635\u0648\u0635\u064a\u0629"},"content":{"rendered":"<p><div class=\"fusion-fullwidth fullwidth-box fusion-builder-row-1 fusion-flex-container nonhundred-percent-fullwidth non-hundred-percent-height-scrolling\" style=\"--awb-border-radius-top-left:0px;--awb-border-radius-top-right:0px;--awb-border-radius-bottom-right:0px;--awb-border-radius-bottom-left:0px;--awb-flex-wrap:wrap;\" ><div class=\"fusion-builder-row fusion-row fusion-flex-align-items-flex-start fusion-flex-content-wrap\" style=\"max-width:1185.6px;margin-left: calc(-4% \/ 2 );margin-right: calc(-4% \/ 2 );\"><div class=\"fusion-layout-column fusion_builder_column fusion-builder-column-0 fusion_builder_column_1_1 1_1 fusion-flex-column\" style=\"--awb-bg-size:cover;--awb-width-large:100%;--awb-margin-top-large:0px;--awb-spacing-right-large:1.92%;--awb-margin-bottom-large:0px;--awb-spacing-left-large:1.92%;--awb-width-medium:100%;--awb-spacing-right-medium:1.92%;--awb-spacing-left-medium:1.92%;--awb-width-small:100%;--awb-spacing-right-small:1.92%;--awb-spacing-left-small:1.92%;\"><div class=\"fusion-column-wrapper fusion-flex-justify-content-flex-start fusion-content-layout-column\"><div class=\"fusion-text fusion-text-1\"><p style=\"text-align: center;\"><strong>\u0633\u064a\u0627\u0633\u0629 \u0627\u0644\u062e\u0635\u0648\u0635\u064a\u0629<\/strong><\/p>\n<p><strong>\u0645\u0624\u0633\u0633\u0629 \u062d\u0648\u0631\u0627\u0646 \u0627\u0644\u0625\u0646\u0633\u0627\u0646\u064a\u0629<\/strong> \u0645\u0646\u0638\u0645\u0629 \u0645\u0633\u062a\u0642\u0644\u0629 \u063a\u064a\u0631 \u062d\u0643\u0648\u0645\u064a\u0629 \u062a\u0643\u0631\u0633 \u062c\u0647\u0648\u062f\u0647\u0627 \u0644\u062a\u062e\u0641\u064a\u0641 \u0627\u0644\u0641\u0642\u0631 \u0648\u0627\u0644\u0645\u0639\u0627\u0646\u0627\u0629 \u0639\u0646 \u0627\u0644\u0634\u0639\u0648\u0628. \u062a\u0639\u0645\u0644 \u0641\u064a \u0633\u0648\u0631\u064a\u0627 \u0648\u062a\u0631\u0643\u064a\u0627 \u0628\u063a\u0636 \u0627\u0644\u0646\u0638\u0631 \u0639\u0646 \u0627\u0644\u0639\u0631\u0642 \u0623\u0648 \u0627\u0644\u062c\u0646\u0633 \u0623\u0648 \u0627\u0644\u062f\u064a\u0646. \u0648\u062a\u062a\u0645\u062b\u0644 \u0623\u0646\u0634\u0637\u062a\u0646\u0627 \u0641\u064a \u0631\u0641\u0639 \u0627\u0644\u0648\u0639\u064a \u0648\u062c\u0645\u0639 \u0627\u0644\u0623\u0645\u0648\u0627\u0644 \u0644\u0625\u062f\u0627\u0631\u0629 \u0648\u062a\u0634\u063a\u064a\u0644 \u0628\u0631\u0627\u0645\u062c \u0627\u0644\u0637\u0648\u0627\u0631\u0626 \u0648\u0627\u0644\u062a\u0646\u0645\u064a\u0629.<\/p>\n<p>\u0648\u0643\u0645\u0627 \u0647\u0648 \u0645\u0639\u0631\u0648\u0641\u060c \u0641\u0625\u0646 \u062a\u0643\u0646\u0648\u0644\u0648\u062c\u064a\u0627 \u0627\u0644\u0645\u0639\u0644\u0648\u0645\u0627\u062a \u0648\u0627\u0644\u0627\u062a\u0635\u0627\u0644\u0627\u062a \u062a\u0644\u0639\u0628 \u062f\u0648\u0631\u0627\u064b \u0623\u0633\u0627\u0633\u064a\u0627\u064b \u0641\u064a \u0623\u0646\u0634\u0637\u0629 \u0627\u0644\u0645\u0646\u0638\u0645\u0627\u062a.<\/p>\n<p>\u0639\u0644\u0649 \u0627\u0644\u0631\u063a\u0645 \u0645\u0646 \u0623\u0646\u0643 \u062a\u0633\u062a\u0637\u064a\u0639 \u0627\u0644\u062f\u062e\u0648\u0644 \u0644\u0645\u0648\u0642\u0639 \u201c\u0645\u0624\u0633\u0633\u0629 \u062d\u0648\u0631\u0627\u0646 \u0627\u0644\u0625\u0646\u0633\u0627\u0646\u064a\u0629\u201d \u0648\u062a\u0635\u0641\u062d \u0645\u062d\u062a\u0648\u064a\u0627\u062a\u0647 \u062f\u0648\u0646 \u0623\u0646 \u064a\u062a\u0637\u0644\u0628 \u0645\u0646\u0643 \u0630\u0644\u0643 \u0627\u0644\u0643\u0634\u0641 \u0639\u0646 \u0627\u0644\u0628\u064a\u0627\u0646\u0627\u062a \u0627\u0644\u0634\u062e\u0635\u064a\u0629 \u0627\u0644\u062e\u0627\u0635\u0629 \u0628\u0643\u060c \u0625\u0644\u0627 \u0623\u0646 \u0647\u0646\u0627\u0643 \u0628\u0639\u0636 \u0627\u0644\u062e\u062f\u0645\u0627\u062a \u062a\u062a\u0637\u0644\u0628 \u0628\u0627\u0644\u0636\u0631\u0648\u0631\u0629 \u0625\u062f\u062e\u0627\u0644 \u0628\u064a\u0627\u0646\u0627\u062a\u0643 \u0627\u0644\u062e\u0627\u0635\u0629 \u0645\u0646 \u0623\u062c\u0644 \u0627\u0633\u062a\u062e\u062f\u0627\u0645\u0647\u0627. \u0648\u062a\u0644\u062a\u0632\u0645 \u062c\u0645\u0639\u064a\u0629 \u0639\u0637\u0627\u0621 \u0628\u062d\u0645\u0627\u064a\u0629 \u062e\u0635\u0648\u0635\u064a\u062a\u0643\u060c \u0641\u0647\u0630\u0627 \u0627\u0644\u0628\u064a\u0627\u0646 \u064a\u0634\u062a\u0645\u0644 \u0639\u0644\u0649 \u0643\u064a\u0641\u064a\u0629 \u0627\u0633\u062a\u062e\u062f\u0627\u0645 \u0627\u0644\u0645\u0639\u0644\u0648\u0645\u0627\u062a \u0627\u0644\u0634\u062e\u0635\u064a\u0629 \u0639\u0644\u0649 \u0645\u0648\u0642\u0639\u0646\u0627 \u0639\u0628\u0631 \u0627\u0644\u0627\u0646\u062a\u0631\u0646\u062a.<\/p>\n<p><strong>\u062c\u0645\u0639 \u0648\u0627\u0633\u062a\u062e\u062f\u0627\u0645 \u0627\u0644\u0628\u064a\u0627\u0646\u0627\u062a \u0627\u0644\u0634\u062e\u0635\u064a\u0629<\/strong><\/p>\n<p>\u0628\u064a\u0627\u0646\u0627\u062a\u0643 \u0627\u0644\u0634\u062e\u0635\u064a\u0629 \u0647\u064a \u0645\u0639\u0644\u0648\u0645\u0627\u062a \u0627\u0644\u062a\u0639\u0631\u064a\u0641 \u0628\u0634\u062e\u0635\u064a\u062a\u0643 \u0645\u062b\u0644 \u0627\u0633\u0645\u0643\u060c \u0639\u0646\u0648\u0627\u0646\u0643\u060c \u0627\u0644\u0628\u0631\u064a\u062f \u0627\u0644\u0627\u0644\u0643\u062a\u0631\u0648\u0646\u064a\u060c \u0631\u0642\u0645 \u0627\u0644\u0647\u0627\u062a\u0641\u060c \u0648\u0631\u0642\u0645 \u0628\u0637\u0627\u0642\u0629 \u0627\u0644\u0627\u0626\u062a\u0645\u0627\u0646\u060c \u0641\u0647\u064a \u0645\u0639\u0644\u0648\u0645\u0627\u062a \u063a\u064a\u0631 \u0645\u062a\u0627\u062d\u0629 \u0644\u0632\u0648\u0627\u0631 \u0627\u0644\u0645\u0648\u0642\u0639 .<\/p>\n<p>\u0646\u062d\u0646 \u0644\u0627 \u0646\u0637\u0644\u0628 \u0645\u0646\u0643 \u0627\u0644\u0643\u0634\u0641 \u0639\u0646 \u0628\u064a\u0627\u0646\u0627\u062a\u0643 \u0625\u0644\u0627 \u0639\u0646\u062f\u0645\u0627 \u064a\u0643\u0648\u0646 \u0630\u0644\u0643 \u0636\u0631\u0648\u0631\u064a\u0627\u064b \u0644\u0643 \u0644\u0644\u0645\u0634\u0627\u0631\u0643\u0629 \u0641\u064a \u0623\u0646\u0634\u0637\u0629 \u0648\u062e\u062f\u0645\u0627\u062a \u0627\u0644\u0645\u0648\u0642\u0639\u060c \u0645\u062b\u0644 \u062e\u062f\u0645\u0629 \u0627\u0644\u062a\u0628\u0631\u0639 \u0627\u0644\u0625\u0644\u0643\u062a\u0631\u0648\u0646\u064a \u0648\u0627\u0644\u0628\u0631\u064a\u062f \u0627\u0644\u0625\u0644\u0643\u062a\u0631\u0648\u0646\u064a. \u0648\u0623\u064a \u0628\u064a\u0627\u0646\u0627\u062a \u0634\u062e\u0635\u064a\u0629 \u0644\u0644\u0645\u062a\u0637\u0648\u0639 \u064a\u0642\u0648\u0645 \u0628\u0625\u0639\u0637\u0627\u0626\u0647\u0627 \u0644\u0644\u0645\u0646\u0638\u0645\u0629.<\/p>\n<p><strong>\u062a\u0628\u0630\u0644 \u0645\u0624\u0633\u0633\u0629 \u062d\u0648\u0631\u0627\u0646 \u0627\u0644\u0625\u0646\u0633\u0627\u0646\u064a\u0629 \u062c\u0647\u062f\u0647\u0627 \u0644\u062d\u0645\u0627\u064a\u0629 \u062e\u0635\u0648\u0635\u064a\u0629 \u0627\u0644\u0641\u0631\u062f \u0628\u0634\u062a\u0649 \u0627\u0644\u0637\u0631\u0642:<\/strong><\/p>\n<ul>\n<li>\u064a\u062a\u0645 \u062c\u0645\u0639 \u0627\u0644\u0628\u064a\u0627\u0646\u0627\u062a \u0627\u0644\u0634\u062e\u0635\u064a\u0629 \u0641\u064a \u062d\u0627\u0644\u0627\u062a \u0627\u0644\u0636\u0631\u0648\u0631\u0629 \u0627\u0644\u0642\u0635\u0648\u0649\u060c \u0648\u0628\u0639\u062f\u062f \u0645\u0631\u0627\u062a \u0645\u062d\u062f\u0648\u062f \u0648\u0630\u0644\u0643 \u0644\u062d\u0645\u0627\u064a\u0629 \u062e\u0635\u0648\u0635\u064a\u062a\u0643.<\/li>\n<\/ul>\n<ul>\n<li>\u0633\u064a\u062a\u0645 \u0627\u0633\u062a\u062e\u062f\u0627\u0645 \u0627\u0644\u0628\u064a\u0627\u0646\u0627\u062a \u0644\u0644\u063a\u0631\u0636 \u0627\u0644\u0645\u0637\u0644\u0648\u0628 \u062b\u0645 \u062d\u0630\u0641\u0647\u0627 \u0628\u0639\u062f \u0630\u0644\u0643\u060c \u0625\u0644\u0627 \u0625\u0630\u0627 \u0643\u0646\u0627 \u0645\u0644\u0632\u0645\u064a\u0646 \u0642\u0627\u0646\u0648\u0646\u064a\u0627\u064b \u0628\u0641\u0639\u0644 \u062e\u0644\u0627\u0641 \u0630\u0644\u0643.<\/li>\n<\/ul>\n<ul>\n<li>\u0644\u062f\u064a\u0646\u0627 \u0636\u0645\u0627\u0646\u0627\u062a \u0644\u062d\u0645\u0627\u064a\u0629 \u0628\u064a\u0627\u0646\u0627\u062a\u0643 \u0627\u0644\u0634\u062e\u0635\u064a\u0629\u060c \u0648\u0625\u0645\u0643\u0627\u0646\u064a\u0629 \u0648\u0635\u0648\u0644 \u0627\u0644\u0645\u062e\u062a\u0635\u064a\u0646 \u0641\u0642\u0637 \u0644\u062a\u0644\u0643 \u0627\u0644\u0628\u064a\u0627\u0646\u0627\u062a \u0639\u0646\u062f \u0627\u0644\u0636\u0631\u0648\u0631\u0629 \u0627\u0644\u0642\u0635\u0648\u0649.<\/li>\n<\/ul>\n<ul>\n<li>\u0645\u0624\u0633\u0633\u0629 \u062d\u0648\u0631\u0627\u0646 \u0644\u062f\u064a\u0647\u0627 \u0645\u0643\u0627\u062a\u0628 \u0648\u0634\u0631\u0643\u0627\u0621 \u0641\u064a \u0639\u062f\u0629 \u0628\u0644\u062f\u0627\u0646\u060c \u0648\u0644\u0643\u0646 \u0633\u064a\u0627\u0633\u0629 \u0639\u0645\u0644 \u0627\u0644\u0625\u063a\u0627\u062b\u0629 \u062a\u0648\u062c\u062f \u0639\u0644\u0649 \u0645\u0648\u0642\u0639\u0646\u0627 \u0641\u0642\u0637\u060c \u0641\u0644\u064a\u0633 \u0628\u0627\u0644\u0636\u0631\u0648\u0631\u0629 \u062a\u0648\u0627\u062c\u062f\u0647\u0627 \u0639\u0644\u0649 \u0645\u0648\u0627\u0642\u0639 \u0634\u0631\u0643\u0627\u0626\u0646\u0627\u060c \u0641\u0642\u062f \u064a\u0643\u0648\u0646 \u0644\u0647\u0645 \u0627\u0644\u0642\u0648\u0627\u0646\u064a\u0646 \u0627\u0644\u062e\u0627\u0635\u0629 \u0628\u0647\u0645 \u0644\u0647\u0630\u0627 \u0627\u0644\u063a\u0631\u0636. \u0648\u0644\u0627 \u0646\u0642\u0648\u0645 \u0628\u062c\u0645\u0639 \u0645\u0639\u0644\u0648\u0645\u0627\u062a \u0627\u0644\u0628\u064a\u0627\u0646\u0627\u062a \u0627\u0644\u0634\u062e\u0635\u064a\u0629 \u0639\u0646 \u0632\u0648\u0627\u0631 \u0645\u0648\u0642\u0639\u0646\u0627 \u0645\u0646 \u0645\u0635\u0627\u062f\u0631 \u0623\u062e\u0631\u0649 \u0645\u062b\u0644 \u0627\u0644\u0633\u062c\u0644\u0627\u062a \u0627\u0644\u0639\u0627\u0645\u0629 \u0623\u0648 \u0627\u0644\u0647\u064a\u0626\u0627\u062a \u0623\u0648 \u0627\u0644\u0645\u0646\u0638\u0645\u0627\u062a \u0627\u0644\u062e\u0627\u0635\u0629.<\/li>\n<\/ul>\n<ul>\n<li>\u0646\u062d\u0646 \u0644\u0627 \u0646\u062c\u0645\u0639 \u0645\u0639\u0644\u0648\u0645\u0627\u062a \u0634\u062e\u0635\u064a\u0629 \u0645\u0646 \u0627\u0644\u0623\u0637\u0641\u0627\u0644 \u0627\u0644\u0630\u064a\u0646 \u064a\u0632\u0648\u0631\u0648\u0646 \u0645\u0648\u0642\u0639\u0646\u0627. \u0641\u0625\u0630\u0627 \u0643\u0646\u062a \u062a\u062d\u062a \u0633\u0646 16 \u0639\u0627\u0645\u060c \u064a\u0631\u062c\u0649 \u0627\u0644\u062d\u0635\u0648\u0644 \u0639\u0644\u0649 \u0625\u0630\u0646 \u0648\u0627\u0644\u062f\u064a\u0643 \u0642\u0628\u0644 \u0627\u0633\u062a\u062e\u062f\u0627\u0645 \u0627\u0644\u0645\u0648\u0642\u0639\u060c \u0648\u0642\u0628\u0644 \u062a\u0642\u062f\u064a\u0645 \u0623\u064a \u0628\u064a\u0627\u0646\u0627\u062a \u0634\u062e\u0635\u064a\u0629 \u0641\u0649 \u0647\u0630\u0627 \u0627\u0644\u0645\u0648\u0642\u0639.<\/li>\n<\/ul>\n<ul>\n<li>\u0641\u064a \u062e\u062f\u0645\u0629 \u0633\u062c\u0644 \u0627\u0644\u0632\u0648\u0627\u0631 \u064a\u0643\u0648\u0646 \u0645\u0646 \u0627\u0644\u0645\u0645\u0643\u0646 \u0646\u0634\u0631 \u0627\u0644\u0645\u0639\u0644\u0648\u0645\u0627\u062a \u0627\u0644\u0645\u0639\u0644\u0646 \u0639\u0646\u0647\u0627 \u0648\u0627\u0644\u062a\u064a \u064a\u0645\u0643\u0646 \u0627\u0644\u0648\u0635\u0648\u0644 \u0625\u0644\u064a\u0647\u0627\u060c \u0648\u0644\u0643\u0646 \u0644\u0627 \u0646\u0642\u0648\u0645 \u0628\u0646\u0634\u0631 \u0639\u0646\u0648\u0627\u0646 \u0627\u0644\u0628\u0631\u064a\u062f \u0627\u0644\u0627\u0644\u0643\u062a\u0631\u0648\u0646\u064a.<\/li>\n<\/ul>\n<ul>\n<li>\u064a\u0634\u0645\u0644 \u0645\u0648\u0642\u0639\u0646\u0627 \u0639\u0644\u0649 \u0625\u0645\u0643\u0627\u0646\u064a\u0629 \u0627\u062e\u062a\u064a\u0627\u0631 \u0645\u0648\u0627\u0641\u0642\u062a\u0643 \u0639\u0644\u0649 \u062a\u0644\u0642\u064a \u0631\u0633\u0627\u0626\u0644 \u0645\u0646\u0627 \u0639\u0628\u0631 \u0627\u0644\u0628\u0631\u064a\u062f \u0627\u0644\u0625\u0644\u0643\u062a\u0631\u0648\u0646\u064a\u060c \u0646\u062d\u0646 \u0646\u0642\u0648\u0645 \u0628\u0625\u0628\u0644\u0627\u063a \u0627\u0644\u0645\u0634\u062a\u0631\u0643\u064a\u0646 \u0628\u0623\u064a \u062a\u063a\u064a\u064a\u0631 \u0641\u064a \u0627\u0644\u0645\u0648\u0642\u0639\u060c \u0623\u0648 \u0646\u062e\u0628\u0631\u0647\u0645 \u0628\u0645\u064a\u0632\u0627\u062a \u062c\u062f\u064a\u062f\u0629 \u062d\u0648\u0644 \u0645\u062d\u062a\u0648\u064a\u0627\u062a \u0627\u0644\u0645\u0648\u0642\u0639.<\/li>\n<\/ul>\n<p><strong>\u00a0<\/strong><\/p>\n<p><strong>\u0627\u0644\u0633\u0631\u064a\u0629 \u0648\u0627\u0644\u0623\u0645\u0627\u0646<\/strong><\/p>\n<ul>\n<li>\u0646\u062d\u0646 \u0646\u0642\u062f\u0645 \u0644\u0643 \u062e\u064a\u0627\u0631 \u0627\u0633\u062a\u062e\u062f\u0627\u0645 \u0645\u0639\u064a\u0627\u0631 \u0627\u0644\u0635\u0646\u0627\u0639\u0629 ( \u0645\u062b\u0644 SSL ) \u0644\u062d\u0645\u0627\u064a\u0629 \u0627\u0644\u0645\u0639\u0644\u0648\u0645\u0627\u062a\u060c \u0644\u0643\u0649 \u062a\u0631\u0633\u0644 \u0644\u0646\u0627 \u0627\u0644\u0645\u0639\u0644\u0648\u0645\u0627\u062a \u0627\u0644\u0634\u062e\u0635\u064a\u0629 \u0627\u0644\u0623\u0633\u0627\u0633\u064a\u0629 \u0648\u062a\u0641\u0627\u0635\u064a\u0644 \u0628\u0637\u0627\u0642\u0627\u062a \u0627\u0644\u0627\u0626\u062a\u0645\u0627\u0646 \u0648\u0643\u0644\u0645\u0627\u062a \u0627\u0644\u0633\u0631 \u0627\u0644\u062e\u0627\u0635\u0629 \u0628\u0643.<\/li>\n<\/ul>\n<ul>\n<li>\u0644\u062f\u064a\u0646\u0627 \u0636\u0645\u0627\u0646\u0627\u062a \u0645\u0627\u062f\u064a\u0629 \u0648\u0625\u0644\u0643\u062a\u0631\u0648\u0646\u064a\u0629 \u0648\u0625\u062c\u0631\u0627\u0626\u064a\u0629 \u0644\u062d\u0645\u0627\u064a\u0629 \u0627\u0644\u0628\u064a\u0627\u0646\u0627\u062a \u0627\u0644\u0634\u062e\u0635\u064a\u0629 \u0627\u0644\u062e\u0627\u0635\u0629 \u0628\u0643\u060c \u0648\u0642\u0645\u0646\u0627 \u0628\u062a\u0646\u0641\u064a\u0630 \u0627\u0644\u0633\u064a\u0627\u0633\u0627\u062a \u0627\u0644\u0623\u0645\u0646\u064a\u0629 \u0648\u0627\u0644\u0625\u062c\u0631\u0627\u0621\u0627\u062a \u0627\u0644\u0641\u0646\u064a\u0629 \u0644\u062d\u0645\u0627\u064a\u0629 \u062a\u0644\u0643 \u0627\u0644\u0628\u064a\u0627\u0646\u0627\u062a\u060c \u0648\u0647\u0649 \u062a\u062e\u0636\u0639 \u0644\u0633\u064a\u0637\u0631\u062a\u0646\u0627 \u0648\u0644\u0627 \u064a\u0645\u0643\u0646 \u0627\u0633\u062a\u062e\u062f\u0627\u0645\u0647\u0627 \u0628\u0634\u0643\u0644 \u063a\u064a\u0631 \u0633\u0644\u064a\u0645 \u0623\u0648 \u062a\u0639\u062f\u064a\u0644\u0647\u0627 \u0623\u0648 \u0641\u0642\u062f\u0627\u0646\u0647\u0627\u060c \u0648\u0644\u0627 \u064a\u062a\u0645 \u062a\u0628\u0627\u062f\u0644 \u062a\u0644\u0643 \u0627\u0644\u0645\u0639\u0644\u0648\u0645\u0627\u062a \u0623\u0648 \u0628\u064a\u0639\u0647\u0627 \u0644\u0623\u064a \u0637\u0631\u0641 \u062b\u0627\u0644\u062b \u0644\u0623\u063a\u0631\u0627\u0636 \u0627\u0644\u062a\u0633\u0648\u064a\u0642.<\/li>\n<\/ul>\n<ul>\n<li>\u0627\u0644\u0645\u0648\u0638\u0641\u0648\u0646 \u0648\u0627\u0644\u0642\u0627\u0626\u0645\u0648\u0646 \u0639\u0644\u0649 \u0645\u0639\u0627\u0644\u062c\u0629 \u0627\u0644\u0628\u064a\u0627\u0646\u0627\u062a \u0645\u0644\u062a\u0632\u0645\u0648\u0646 \u0628\u0627\u062d\u062a\u0631\u0627\u0645 \u0633\u0631\u064a\u0629 \u0627\u0644\u0628\u064a\u0627\u0646\u0627\u062a \u0627\u0644\u0634\u062e\u0635\u064a\u0629 \u0644\u0632\u0648\u0627\u0631\u0646\u0627\u060c \u0646\u0642\u0648\u0645 \u0628\u0637\u0644\u0628 \u0627\u0644\u0628\u064a\u0627\u0646\u0627\u062a \u0627\u0644\u062a\u064a \u0646\u0639\u062a\u0642\u062f \u0623\u0646\u0647\u0627 \u0636\u0631\u0648\u0631\u064a\u0629 \u0645\u0646 \u0623\u062c\u0644 \u062a\u0648\u0641\u064a\u0631 \u0627\u0644\u062e\u062f\u0645\u0627\u062a \u0644\u0643. \u0623\u062d\u064a\u0627\u0646\u0627 \u062a\u0643\u0648\u0646 \u0627\u0644\u062e\u062f\u0645\u0627\u062a \u0622\u0644\u064a\u0629 \u0639\u0644\u0649 \u0627\u0644\u0645\u0648\u0642\u0639\u060c \u0648\u0628\u0627\u0644\u062a\u0627\u0644\u064a \u0641\u0625\u0646 \u0630\u0644\u0643 \u064a\u062d\u062f \u0645\u0646 \u0627\u0644\u062d\u0627\u062c\u0629 \u0625\u0644\u0649 \u0627\u0644\u0645\u0648\u0638\u0641\u064a\u0646 \u0623\u0648 \u063a\u064a\u0631\u0647\u0645 \u0644\u0639\u0631\u0636 \u0627\u0644\u0645\u0639\u0644\u0648\u0645\u0627\u062a \u0627\u0644\u0634\u062e\u0635\u064a\u0629. \u0648\u0639\u0644\u064a\u0646\u0627 \u0623\u0646 \u0646\u0636\u0645\u0646 \u0623\u0646\u0647 \u0644\u0646 \u064a\u062a\u0645 \u0627\u0644\u0643\u0634\u0641 \u0639\u0646 \u0627\u0644\u0628\u064a\u0627\u0646\u0627\u062a \u0627\u0644\u0634\u062e\u0635\u064a\u0629 \u0644\u0645\u0624\u0633\u0633\u0627\u062a \u0627\u0644\u062f\u0648\u0644\u0629 \u0648\u0627\u0644\u0633\u0644\u0637\u0627\u062a \u0625\u0644\u0627 \u0627\u0630\u0627 \u0643\u0627\u0646 \u0630\u0644\u0643 \u0645\u0637\u0644\u0648\u0628\u064b\u0627 \u0628\u0645\u0648\u062c\u0628 \u0627\u0644\u0642\u0627\u0646\u0648\u0646 \u0623\u0648 \u0644\u0627\u0626\u062d\u0629 \u0623\u062e\u0631\u0649.<\/li>\n<\/ul>\n<p><strong>\u00a0<\/strong><\/p>\n<p><strong>\u0627\u0644\u0645\u0639\u0644\u0648\u0645\u0627\u062a \u0627\u0644\u063a\u064a\u0631 \u0634\u062e\u0635\u064a\u0629<\/strong><\/p>\n<p>\u0639\u0646\u062f\u0645\u0627 \u064a\u062f\u062e\u0644 \u0627\u0644\u0632\u0648\u0627\u0631 \u0625\u0644\u0649 \u0645\u0648\u0642\u0639\u0646\u0627 \u062a\u0635\u0644\u0646\u0627 \u062a\u0644\u0642\u0627\u0626\u064a\u064b\u0627 \u0628\u0639\u0636 \u0627\u0644\u0645\u0639\u0644\u0648\u0645\u0627\u062a \u063a\u064a\u0631 \u0627\u0644\u0645\u062d\u062f\u062f\u0629 \u0644\u0644\u0647\u0648\u064a\u0629 \u0627\u0644\u0634\u062e\u0635\u064a\u0629 \u0645\u062b\u0644 \u0646\u0638\u0627\u0645 \u062a\u0634\u063a\u064a\u0644 \u0627\u0644\u0643\u0645\u0628\u064a\u0648\u062a\u0631 (\u0639\u0644\u0649 \u0633\u0628\u064a\u0644 \u0627\u0644\u0645\u062b\u0627\u0644 \u0648\u064a\u0646\u062f\u0648\u0632 95 \u0623\u0648 Mac os )\u060c \u0648\u0627\u0644\u0628\u0631\u0646\u0627\u0645\u062c \u0627\u0644\u0630\u0649 \u064a\u0633\u062a\u062e\u062f\u0645\u0647 \u0627\u0644\u0645\u062a\u0635\u0641\u062d.<\/p>\n<p><strong>\u062a\u0642\u0648\u0645 \u0645\u0624\u0633\u0633\u0629 \u062d\u0648\u0631\u0627\u0646 \u0627\u0644\u0625\u0646\u0633\u0627\u0646\u064a\u0629 \u0628\u0627\u0633\u062a\u062e\u062f\u0627\u0645 \u062a\u0644\u0643 \u0627\u0644\u0645\u0639\u0644\u0648\u0645\u0627\u062a \u0627\u0644\u063a\u064a\u0631 \u0634\u062e\u0635\u064a\u0629 \u0644\u0644\u0623\u063a\u0631\u0627\u0636 \u0627\u0644\u062a\u0627\u0644\u064a\u0629 :<\/strong><\/p>\n<ul>\n<li>\u0627\u0644\u0625\u062f\u0627\u0631\u0629 \u0627\u0644\u062a\u0642\u0646\u064a\u0629 \u0648\u062a\u0637\u0648\u064a\u0631 \u0627\u0644\u0645\u0648\u0627\u0642\u0639<\/li>\n<li>\u062a\u0633\u0648\u064a\u0642 \u0627\u0644\u062a\u062d\u0644\u064a\u0644 \u0627\u0644\u0625\u062d\u0635\u0627\u0626\u064a<\/li>\n<li>\u0627\u0644\u062f\u0639\u0645 \u0648\u0625\u062f\u0627\u0631\u0629 \u0634\u0624\u0648\u0646 \u0627\u0644\u0639\u0645\u0644\u0627\u0621<\/li>\n<li>\u0646\u062d\u0646 \u0644\u0627 \u0646\u0633\u062a\u062e\u062f\u0645 \u0627\u0644\u0643\u0648\u0643\u064a\u0632 \u0644\u062a\u062e\u0632\u064a\u0646 \u0627\u0644\u0628\u064a\u0627\u0646\u0627\u062a \u0627\u0644\u0634\u062e\u0635\u064a\u0629\u060c \u0648\u0644\u0627 \u0646\u0642\u0648\u0645 \u0628\u0631\u0628\u0637 \u0627\u0644\u0645\u0639\u0644\u0648\u0645\u0627\u062a \u063a\u064a\u0631 \u0627\u0644\u0634\u062e\u0635\u064a\u0629 \u0627\u0644\u0645\u062e\u0632\u0646\u0629 \u0641\u064a \u0645\u0644\u0641\u0627\u062a \u0627\u0644\u062a\u0639\u0631\u064a\u0641 \u0645\u0639 \u0627\u0644\u0628\u064a\u0627\u0646\u0627\u062a \u0627\u0644\u0634\u062e\u0635\u064a\u0629 \u0627\u0644\u062e\u0627\u0635\u0629 \u0628\u0627\u0644\u0623\u0641\u0631\u0627\u062f.<\/li>\n<\/ul>\n<p><strong>\u00a0<\/strong><\/p>\n<p><strong>\u0645\u0648\u0627\u0642\u0639 \u0623\u062e\u0631\u0649<\/strong><\/p>\n<p>\u0646\u0642\u0648\u0645 \u0628\u062a\u0642\u062f\u064a\u0645 \u0628\u0639\u0636 \u0627\u0644\u062e\u062f\u0645\u0627\u062a \u0639\u0644\u0649 \u0645\u0648\u0642\u0639\u0646\u0627 \u0645\u0646 \u0642\u0628\u0644 \u0623\u0637\u0631\u0627\u0641 \u062b\u0627\u0644\u062b\u0629\u060c \u0647\u0630\u0647 \u0627\u0644\u0645\u0648\u0627\u0642\u0639 \u0644\u062f\u064a\u0647\u0627 \u0628\u064a\u0627\u0646\u0627\u062a \u0627\u0644\u062e\u0635\u0648\u0635\u064a\u0629 \u0627\u0644\u062e\u0627\u0635\u0629 \u0628\u0647\u0645\u060c \u0648\u0627\u0644\u0645\u0645\u0627\u0631\u0633\u0627\u062a \u0627\u0644\u062a\u064a \u062a\u062d\u0643\u0645 \u0637\u0631\u064a\u0642\u0629 \u0627\u0633\u062a\u062e\u062f\u0627\u0645 \u0627\u0644\u0628\u064a\u0627\u0646\u0627\u062a \u0627\u0644\u062e\u0627\u0635\u0629 \u0628\u0643.<\/p>\n<p>\u0646\u0628\u0630\u0644 \u0643\u0644 \u062c\u0647\u062f\u0646\u0627 \u0644\u0645\u062d\u0627\u0648\u0644\u0629 \u062a\u0642\u0644\u064a\u0644 \u0627\u0633\u062a\u062e\u062f\u0627\u0645 \u062e\u062f\u0645\u0629 \u0627\u0644\u0637\u0631\u0641 \u0627\u0644\u062b\u0627\u0644\u062b\u060c \u0644\u0623\u0646\u0646\u0627 \u0644\u0627 \u0646\u0633\u062a\u0637\u064a\u0639 \u0627\u0644\u062a\u062d\u0643\u0645 \u0641\u064a \u0645\u062d\u062a\u0648\u0649 \u0648\u062e\u062f\u0645\u0627\u062a \u0627\u0644\u0645\u0648\u0627\u0642\u0639 \u0627\u0644\u0623\u062e\u0631\u0649.<\/p>\n<p>\u0623\u064a \u0645\u0648\u0642\u0639 \u0622\u062e\u0631 \u0644\u0627 \u064a\u062e\u0635 &#8220;\u062d\u0648\u0631\u0627\u0646 \u0627\u0644\u0625\u0646\u0633\u0627\u0646\u064a\u0629&#8221;\u060c \u0623\u0648 \u0623\u064a \u0631\u0648\u0627\u0628\u0637 \u0623\u062e\u0631\u0649 \u0645\u0646 \u0645\u0648\u0627\u0642\u0639 \u0627\u0644\u0627\u0646\u062a\u0631\u0646\u062a \u0627\u0644\u062e\u0627\u0631\u062c\u064a\u0629 \u0644\u0627 \u062a\u0645\u062b\u0644\u0646\u0627\u060c \u0641\u0627\u0644\u0645\u0624\u0633\u0633\u0629 \u0644\u064a\u0633\u062a \u0645\u0633\u0624\u0648\u0644\u0629 \u0639\u0646 \u0645\u062d\u062a\u0648\u0649 \u0627\u0644\u0645\u0648\u0627\u0642\u0639 \u0627\u0644\u062e\u0627\u0631\u062c\u064a\u0629.<\/p>\n<p><strong>\u0628\u064a\u0627\u0646\u0627\u062a \u0627\u0644\u062a\u0648\u0627\u0635\u0644<\/strong><strong>:<\/strong><\/p>\n<p>\u0130ncilip\u0131nar mah.Nail Bilen Cad.U\u011fur Plaza Avm no 67 \u015eehitkamil Gaziantep 34214 Ba\u011fc\u0131lar\/\u0130stanbul<\/p>\n<p><strong>\u0647\u0627\u062a\u0641:<\/strong> 536 740 85 880090<\/p>\n<p><strong>\u0627\u0644\u0628\u0631\u064a\u062f \u0627\u0644\u0625\u0644\u0643\u062a\u0631\u0648\u0646\u064a:<\/strong> info@horan.ngo<\/p>\n<p>\u0645\u0624\u0633\u0633\u0629 \u062d\u0648\u0631\u0627\u0646 \u0627\u0644\u0625\u0646\u0633\u0627\u0646\u064a\u0629 \u0645\u0631\u062e\u0635\u0629 \u0641\u064a \u0627\u0644\u062c\u0645\u0647\u0648\u0631\u064a\u0629 \u0627\u0644\u062a\u0631\u0643\u064a\u0629 \u0628\u0627\u0633\u0645 &#8220;Havran Derne\u011fi&#8221; \u0631\u0642\u0645 \u0627\u0644\u062a\u0633\u062c\u064a\u0644 34-199-189<\/p>\n<p>\u062a\u062d\u062a\u0641\u0638\u00a0 \u0645\u0624\u0633\u0633\u0629 \u062d\u0648\u0631\u0627\u0646 \u0627\u0644\u0625\u0646\u0633\u0627\u0646\u064a\u0629 \u0628\u062d\u0642 \u0625\u062c\u0631\u0627\u0621 \u0623\u064a \u062a\u063a\u064a\u064a\u0631\u0627\u062a \u0639\u0644\u0649 \u0630\u0644\u0643 \u0627\u0644\u0628\u064a\u0627\u0646 \u0641\u064a \u0623\u064a \u0648\u0642\u062a.<\/p>\n<p><strong>\u0625\u0630\u0627 \u0643\u0646\u062a \u062a\u0631\u063a\u0628 \u0641\u064a \u0645\u0639\u0631\u0641\u0629 \u0627\u0644\u0645\u0632\u064a\u062f \u0639\u0646 \u062d\u0648\u0631\u0627\u0646 \u0627\u0644\u0625\u0646\u0633\u0627\u0646\u064a\u0629\u060c \u0648\u0639\u0645\u0644\u0646\u0627 \u0643\u0645\u0624\u0633\u0633\u0629 \u062e\u064a\u0631\u064a\u0629 \u0625\u0646\u0633\u0627\u0646\u064a\u0629 \u0645\u0633\u062a\u0642\u0644\u0629\u060c \u064a\u0631\u062c\u0649 \u0627\u0644\u062f\u062e\u0648\u0644 \u0625\u0644\u0649 \u0645\u0648\u0642\u0639\u0646\u0627 \u0639\u0628\u0631 \u0627\u0644\u0627\u0646\u062a\u0631\u0646\u062a.<\/strong><\/p>\n<\/div><\/div><\/div><\/div><\/div><div class=\"fusion-fullwidth fullwidth-box fusion-builder-row-2 fusion-flex-container nonhundred-percent-fullwidth non-hundred-percent-height-scrolling\" style=\"--awb-border-radius-top-left:0px;--awb-border-radius-top-right:0px;--awb-border-radius-bottom-right:0px;--awb-border-radius-bottom-left:0px;--awb-flex-wrap:wrap;\" ><div class=\"fusion-builder-row fusion-row fusion-flex-align-items-flex-start fusion-flex-content-wrap\" style=\"max-width:1185.6px;margin-left: calc(-4% \/ 2 );margin-right: calc(-4% \/ 2 );\"><\/div><\/div><\/p>\n","protected":false},"excerpt":{"rendered":"","protected":false},"author":3,"featured_media":20235,"parent":5,"menu_order":1,"comment_status":"closed","ping_status":"closed","template":"100-width.php","meta":{"footnotes":""},"class_list":["post-20211","page","type-page","status-publish","has-post-thumbnail","hentry"],"_links":{"self":[{"href":"https:\/\/horan.ngo\/beta\/wp-json\/wp\/v2\/pages\/20211"}],"collection":[{"href":"https:\/\/horan.ngo\/beta\/wp-json\/wp\/v2\/pages"}],"about":[{"href":"https:\/\/horan.ngo\/beta\/wp-json\/wp\/v2\/types\/page"}],"author":[{"embeddable":true,"href":"https:\/\/horan.ngo\/beta\/wp-json\/wp\/v2\/users\/3"}],"replies":[{"embeddable":true,"href":"https:\/\/horan.ngo\/beta\/wp-json\/wp\/v2\/comments?post=20211"}],"version-history":[{"count":13,"href":"https:\/\/horan.ngo\/beta\/wp-json\/wp\/v2\/pages\/20211\/revisions"}],"predecessor-version":[{"id":20517,"href":"https:\/\/horan.ngo\/beta\/wp-json\/wp\/v2\/pages\/20211\/revisions\/20517"}],"up":[{"embeddable":true,"href":"https:\/\/horan.ngo\/beta\/wp-json\/wp\/v2\/pages\/5"}],"wp:featuredmedia":[{"embeddable":true,"href":"https:\/\/horan.ngo\/beta\/wp-json\/wp\/v2\/media\/20235"}],"wp:attachment":[{"href":"https:\/\/horan.ngo\/beta\/wp-json\/wp\/v2\/media?parent=20211"}],"curies":[{"name":"wp","href":"https:\/\/api.w.org\/{rel}","templated":true}]}}