{"id":16933,"date":"2018-04-27T07:33:27","date_gmt":"2018-04-27T04:33:27","guid":{"rendered":"https:\/\/horan.ngo\/beta\/?page_id=16933"},"modified":"2021-10-11T11:46:31","modified_gmt":"2021-10-11T08:46:31","slug":"news","status":"publish","type":"page","link":"https:\/\/horan.ngo\/beta\/news\/","title":{"rendered":"\u0627\u0644\u0623\u062e\u0628\u0627\u0631"},"content":{"rendered":"<p><div class=\"fusion-fullwidth fullwidth-box fusion-builder-row-1 fusion-parallax-none nonhundred-percent-fullwidth non-hundred-percent-height-scrolling\" style=\"--awb-background-position:center top;--awb-border-radius-top-left:0px;--awb-border-radius-top-right:0px;--awb-border-radius-bottom-right:0px;--awb-border-radius-bottom-left:0px;--awb-padding-top:18%;--awb-padding-bottom:12%;--awb-background-image:linear-gradient(0deg, rgba(20,55,93,0.65) 0%,rgba(255,255,255,0.45) 100%),url(https:\/\/horan.ngo\/beta\/wp-content\/uploads\/2020\/08\/10.jpg);;--awb-background-size:cover;--awb-flex-wrap:wrap;\" ><div class=\"fusion-builder-row fusion-row\"><div class=\"fusion-layout-column fusion_builder_column fusion-builder-column-0 fusion_builder_column_1_1 1_1 fusion-one-full fusion-column-first fusion-column-last fusion-animated\" style=\"--awb-bg-position:center center;--awb-bg-size:cover;\" data-animationType=\"fadeInUp\" data-animationDuration=\"1.0\" data-animationOffset=\"top-into-view\"><div class=\"fusion-column-wrapper fusion-column-has-shadow fusion-flex-column-wrapper-legacy\"><div class=\"fusion-title title fusion-title-1 fusion-sep-none fusion-title-center fusion-title-text fusion-title-size-one fusion-animated\" style=\"--awb-margin-bottom:0px;--awb-margin-bottom-small:0px;\" data-animationType=\"fadeInLeft\" data-animationDuration=\"0.3\" data-animationOffset=\"top-into-view\"><h1 class=\"fusion-title-heading title-heading-center\" style=\"margin:0;\"><span style=\"font-family: 'El Messiri'; font-weight: 400;\" data-fusion-font=\"true\" data-fusion-google-font=\"El Messiri\" data-fusion-google-variant=\"400\">\u0627\u0644\u0623\u062e\u0628\u0627\u0631<\/span><\/h1><\/div><div class=\"fusion-clearfix\"><\/div><\/div><\/div><\/div><\/div><div class=\"fusion-fullwidth fullwidth-box fusion-builder-row-2 hundred-percent-fullwidth non-hundred-percent-height-scrolling\" style=\"--awb-border-radius-top-left:0px;--awb-border-radius-top-right:0px;--awb-border-radius-bottom-right:0px;--awb-border-radius-bottom-left:0px;--awb-padding-right:0px;--awb-padding-bottom:0px;--awb-padding-left:0px;--awb-background-color:#f2f2f2;--awb-flex-wrap:wrap;\" ><div class=\"fusion-builder-row fusion-row\"><div class=\"fusion-layout-column fusion_builder_column fusion-builder-column-1 fusion_builder_column_1_1 1_1 fusion-one-full fusion-column-first fusion-column-last fusion-animated\" style=\"--awb-padding-top:6%;--awb-padding-right:6%;--awb-padding-bottom:6%;--awb-padding-left:6%;--awb-bg-size:cover;\" data-animationType=\"fadeInLeft\" data-animationDuration=\"1.0\" data-animationOffset=\"top-into-view\"><div class=\"fusion-column-wrapper fusion-column-has-shadow fusion-flex-column-wrapper-legacy\"><div class=\"fusion-blog-shortcode fusion-blog-shortcode-1 fusion-blog-archive fusion-blog-layout-timeline-wrapper fusion-blog-infinite fusion-blog-layout-center\" style=\"--grid_separator_color:#004b83;\"><div class=\"fusion-posts-container fusion-posts-container-infinite fusion-posts-container-load-more fusion-no-meta-info fusion-blog-rollover\" data-pages=\"101\"><div class=\"fusion-timeline-icon\"><i class=\"awb-icon-bubbles\" style=\"color:#aacfe5;\" aria-hidden=\"true\"><\/i><\/div><div class=\"fusion-blog-layout-timeline fusion-clearfix\"><div class=\"fusion-timeline-line\" style=\"border-left:1px solid #aacfe5;border-right:1px solid #aacfe5;\"><\/div><h3 class=\"fusion-timeline-date\" style=\"background-color:#aacfe5;\">November 2024<\/h3><div class=\"fusion-collapse-month\"><article id=\"blog-1-post-22220\" style=\"border-color:#aacfe5;\" class=\"fusion-post-timeline fusion-clearfix fusion-left-column post-22220 post type-post status-publish format-standard has-post-thumbnail hentry category-news\">\n<div class=\"fusion-post-wrapper\" style=\"background-color:rgba(255,255,255,1);\">\n\n\t\t\t<div class=\"fusion-flexslider flexslider fusion-flexslider-loading fusion-post-slideshow\" style=\"border-color:#aacfe5;\">\n\t\t<ul class=\"slides\">\n\t\t\t\n\t\t\t\t\t\t\t\t\t\t\t\t\t\t<li><div  class=\"fusion-image-wrapper\" aria-haspopup=\"true\">\n\t\t\t\t<img decoding=\"async\" width=\"768\" height=\"1024\" src=\"https:\/\/horan.ngo\/beta\/wp-content\/uploads\/2024\/11\/logo-TR.jpeg\" class=\"attachment-full size-full wp-post-image\" alt=\"\" srcset=\"https:\/\/horan.ngo\/beta\/wp-content\/uploads\/2024\/11\/logo-TR-200x267.jpeg 200w, https:\/\/horan.ngo\/beta\/wp-content\/uploads\/2024\/11\/logo-TR-400x533.jpeg 400w, https:\/\/horan.ngo\/beta\/wp-content\/uploads\/2024\/11\/logo-TR-600x800.jpeg 600w, https:\/\/horan.ngo\/beta\/wp-content\/uploads\/2024\/11\/logo-TR.jpeg 768w\" sizes=\"(max-width: 800px) 100vw, 40vw\" \/><div class=\"fusion-rollover\">\n\t<div class=\"fusion-rollover-content\">\n\n\t\t\t\t\t\t\t\t\t\t\t\t\t\t<a class=\"fusion-rollover-link\" href=\"https:\/\/horan.ngo\/beta\/olagan-genel-kurul-toplantisina-cagri\/\">Ola\u011fan Genel Kurul Toplant\u0131s\u0131na \u00c7a\u011fr\u0131<\/a>\n\t\t\t\n\t\t\t\t\t\t\t\t\t\t\t\t\t\t\n\t\t\t\t\t\t\t\t\n\t\t\t\t\t\t\t\t\t\t\t\t\t<div class=\"fusion-rollover-sep\"><\/div>\n\t\t\t\t\n\t\t\t\t\t\t\t\t\t\t\t\t\t\t\t\t\t\t<a class=\"fusion-rollover-gallery\" href=\"https:\/\/horan.ngo\/beta\/wp-content\/uploads\/2024\/11\/logo-TR.jpeg\" data-id=\"22220\" data-rel=\"iLightbox[gallery]\" data-title=\"logo TR\" data-caption=\"\">\n\t\t\t\t\t\tGallery\t\t\t\t\t<\/a>\n\t\t\t\t\t\t\t\t\t\t\t\t\t\t\n\t\t\n\t\t\t\t\t\t\t\t\n\t\t\t\t\t\t\t\t\n\t\t\n\t\t\t\t\t\t<a class=\"fusion-link-wrapper\" href=\"https:\/\/horan.ngo\/beta\/olagan-genel-kurul-toplantisina-cagri\/\" aria-label=\"Ola\u011fan Genel Kurul Toplant\u0131s\u0131na \u00c7a\u011fr\u0131\"><\/a>\n\t<\/div>\n<\/div>\n<\/div>\n<\/li>\n\t\t\t\n\t\t\t\n\t\t\t\t\t\t\t\t\t\t\t\t\t\t\t\t\t\t\t\t\t\t\t\t\t\t\t\t\t\t\t\t\t\t\t\t\t\t\t\t\t\t\t\t\t\t\t\t\t\t\t\t\t\t\t\t\t\t\t\t\t\t\t\t\t\t\t\t<\/ul>\n\t<\/div>\n\t<div class=\"fusion-post-content-wrapper\" style=\"padding:20px 0 0 0;\"><div class=\"fusion-post-content post-content\"><div class=\"fusion-timeline-circle\" style=\"background-color:#aacfe5;\"><\/div><div class=\"fusion-timeline-arrow\" style=\"color:#aacfe5;\"><\/div><h2 class=\"blog-shortcode-post-title entry-title\"><a href=\"https:\/\/horan.ngo\/beta\/olagan-genel-kurul-toplantisina-cagri\/\">Ola\u011fan Genel Kurul Toplant\u0131s\u0131na \u00c7a\u011fr\u0131<\/a><\/h2><\/div><\/div><div class=\"fusion-clearfix\"><\/div><\/div>\n<\/article>\n<\/div><h3 class=\"fusion-timeline-date\" style=\"background-color:#aacfe5;\">August 2018<\/h3><div class=\"fusion-collapse-month\"><article id=\"blog-1-post-17057\" style=\"border-color:#aacfe5;\" class=\"fusion-post-timeline fusion-clearfix fusion-right-column post-17057 post type-post status-publish format-standard has-post-thumbnail hentry category-news category-newsletter category-1\">\n<div class=\"fusion-post-wrapper\" style=\"background-color:rgba(255,255,255,1);\">\n\n\t\t\t<div class=\"fusion-flexslider flexslider fusion-flexslider-loading fusion-post-slideshow\" style=\"border-color:#aacfe5;\">\n\t\t<ul class=\"slides\">\n\t\t\t\n\t\t\t\t\t\t\t\t\t\t\t\t\t\t<li><div  class=\"fusion-image-wrapper\" aria-haspopup=\"true\">\n\t\t\t\t<img decoding=\"async\" width=\"900\" height=\"450\" src=\"https:\/\/horan.ngo\/beta\/wp-content\/uploads\/2018\/08\/web.jpg\" class=\"attachment-full size-full wp-post-image\" alt=\"\" \/><div class=\"fusion-rollover\">\n\t<div class=\"fusion-rollover-content\">\n\n\t\t\t\t\t\t\t\t\t\t\t\t\t\t<a class=\"fusion-rollover-link\" href=\"https:\/\/horan.ngo\/beta\/%d9%86%d8%b4%d8%b1%d8%a9-%d8%a7%d9%84%d8%a5%d9%86%d8%ac%d8%a7%d8%b2-%d8%a7%d9%84%d8%b4%d9%87%d8%b1%d9%8a%d8%a9-%d8%a3%d9%8a%d8%a7%d8%b1-%d8%ad%d8%b2%d9%8a%d8%b1%d8%a7%d9%86-%d8%aa%d9%85%d9%88\/\">\u0646\u0634\u0631\u0629 \u0627\u0644\u0625\u0646\u062c\u0627\u0632 \u0627\u0644\u0634\u0647\u0631\u064a\u0629 &#8220;\u0623\u064a\u0627\u0631 _ \u062d\u0632\u064a\u0631\u0627\u0646 _ \u062a\u0645\u0648\u0632  &#8220;\u0631\u0627\u0628\u0637\u0629 \u0623\u0647\u0644 \u062d\u0648\u0631\u0627\u0646&#8221;<\/a>\n\t\t\t\n\t\t\t\t\t\t\t\t\t\t\t\t\t\t\n\t\t\t\t\t\t\t\t\n\t\t\t\t\t\t\t\t\t\t\t\t\t<div class=\"fusion-rollover-sep\"><\/div>\n\t\t\t\t\n\t\t\t\t\t\t\t\t\t\t\t\t\t\t\t\t\t\t<a class=\"fusion-rollover-gallery\" href=\"https:\/\/horan.ngo\/beta\/wp-content\/uploads\/2018\/08\/web.jpg\" data-id=\"17057\" data-rel=\"iLightbox[gallery]\" data-title=\"web\" data-caption=\"\">\n\t\t\t\t\t\tGallery\t\t\t\t\t<\/a>\n\t\t\t\t\t\t\t\t\t\t\t\t\t\t\n\t\t\n\t\t\t\t\t\t\t\t\n\t\t\t\t\t\t\t\t\n\t\t\n\t\t\t\t\t\t<a class=\"fusion-link-wrapper\" href=\"https:\/\/horan.ngo\/beta\/%d9%86%d8%b4%d8%b1%d8%a9-%d8%a7%d9%84%d8%a5%d9%86%d8%ac%d8%a7%d8%b2-%d8%a7%d9%84%d8%b4%d9%87%d8%b1%d9%8a%d8%a9-%d8%a3%d9%8a%d8%a7%d8%b1-%d8%ad%d8%b2%d9%8a%d8%b1%d8%a7%d9%86-%d8%aa%d9%85%d9%88\/\" aria-label=\"\u0646\u0634\u0631\u0629 \u0627\u0644\u0625\u0646\u062c\u0627\u0632 \u0627\u0644\u0634\u0647\u0631\u064a\u0629 &#8220;\u0623\u064a\u0627\u0631 _ \u062d\u0632\u064a\u0631\u0627\u0646 _ \u062a\u0645\u0648\u0632  &#8220;\u0631\u0627\u0628\u0637\u0629 \u0623\u0647\u0644 \u062d\u0648\u0631\u0627\u0646&#8221;\"><\/a>\n\t<\/div>\n<\/div>\n<\/div>\n<\/li>\n\t\t\t\n\t\t\t\n\t\t\t\t\t\t\t\t\t\t\t\t\t\t\t\t\t\t\t\t\t\t\t\t\t\t\t\t\t\t\t\t\t\t\t\t\t\t\t\t\t\t\t\t\t\t\t\t\t\t\t\t\t\t\t\t\t\t\t\t\t\t\t\t\t\t\t\t<\/ul>\n\t<\/div>\n\t<div class=\"fusion-post-content-wrapper\" style=\"padding:20px 0 0 0;\"><div class=\"fusion-post-content post-content\"><div class=\"fusion-timeline-circle\" style=\"background-color:#aacfe5;\"><\/div><div class=\"fusion-timeline-arrow\" style=\"color:#aacfe5;\"><\/div><h2 class=\"blog-shortcode-post-title entry-title\"><a href=\"https:\/\/horan.ngo\/beta\/%d9%86%d8%b4%d8%b1%d8%a9-%d8%a7%d9%84%d8%a5%d9%86%d8%ac%d8%a7%d8%b2-%d8%a7%d9%84%d8%b4%d9%87%d8%b1%d9%8a%d8%a9-%d8%a3%d9%8a%d8%a7%d8%b1-%d8%ad%d8%b2%d9%8a%d8%b1%d8%a7%d9%86-%d8%aa%d9%85%d9%88\/\">\u0646\u0634\u0631\u0629 \u0627\u0644\u0625\u0646\u062c\u0627\u0632 \u0627\u0644\u0634\u0647\u0631\u064a\u0629 &#8220;\u0623\u064a\u0627\u0631 _ \u062d\u0632\u064a\u0631\u0627\u0646 _ \u062a\u0645\u0648\u0632  &#8220;\u0631\u0627\u0628\u0637\u0629 \u0623\u0647\u0644 \u062d\u0648\u0631\u0627\u0646&#8221;<\/a><\/h2><\/div><\/div><div class=\"fusion-clearfix\"><\/div><\/div>\n<\/article>\n<\/div><h3 class=\"fusion-timeline-date\" style=\"background-color:#aacfe5;\">February 2023<\/h3><div class=\"fusion-collapse-month\"><article id=\"blog-1-post-21881\" style=\"border-color:#aacfe5;\" class=\"fusion-post-timeline fusion-clearfix fusion-left-column post-21881 post type-post status-publish format-standard has-post-thumbnail hentry category-news\">\n<div class=\"fusion-post-wrapper\" style=\"background-color:rgba(255,255,255,1);\">\n\n\t\t\t<div class=\"fusion-flexslider flexslider fusion-flexslider-loading fusion-post-slideshow\" style=\"border-color:#aacfe5;\">\n\t\t<ul class=\"slides\">\n\t\t\t\n\t\t\t\t\t\t\t\t\t\t\t\t\t\t<li><div  class=\"fusion-image-wrapper\" aria-haspopup=\"true\">\n\t\t\t\t<img decoding=\"async\" width=\"1178\" height=\"599\" src=\"https:\/\/horan.ngo\/beta\/wp-content\/uploads\/2023\/02\/329527573_1397041011042735_8231581550741783682_n-1.jpg\" class=\"attachment-full size-full wp-post-image\" alt=\"\" srcset=\"https:\/\/horan.ngo\/beta\/wp-content\/uploads\/2023\/02\/329527573_1397041011042735_8231581550741783682_n-1-200x102.jpg 200w, https:\/\/horan.ngo\/beta\/wp-content\/uploads\/2023\/02\/329527573_1397041011042735_8231581550741783682_n-1-400x203.jpg 400w, https:\/\/horan.ngo\/beta\/wp-content\/uploads\/2023\/02\/329527573_1397041011042735_8231581550741783682_n-1-600x305.jpg 600w, https:\/\/horan.ngo\/beta\/wp-content\/uploads\/2023\/02\/329527573_1397041011042735_8231581550741783682_n-1-800x407.jpg 800w, https:\/\/horan.ngo\/beta\/wp-content\/uploads\/2023\/02\/329527573_1397041011042735_8231581550741783682_n-1.jpg 1178w\" sizes=\"(max-width: 800px) 100vw, 40vw\" \/><div class=\"fusion-rollover\">\n\t<div class=\"fusion-rollover-content\">\n\n\t\t\t\t\t\t\t\t\t\t\t\t\t\t<a class=\"fusion-rollover-link\" href=\"https:\/\/horan.ngo\/beta\/a-joint-statement-from-civil-society-organizations\/\">\u0628\u064a\u0627\u0646 \u0645\u0634\u062a\u0631\u0643 \u0645\u0646 \u0645\u0646\u0638\u0645\u0627\u062a \u0627\u0644\u0645\u062c\u062a\u0645\u0639 \u0627\u0644\u0645\u062f\u0646\u064a<\/a>\n\t\t\t\n\t\t\t\t\t\t\t\t\t\t\t\t\t\t\n\t\t\t\t\t\t\t\t\n\t\t\t\t\t\t\t\t\t\t\t\t\t<div class=\"fusion-rollover-sep\"><\/div>\n\t\t\t\t\n\t\t\t\t\t\t\t\t\t\t\t\t\t\t\t\t\t\t<a class=\"fusion-rollover-gallery\" href=\"https:\/\/horan.ngo\/beta\/wp-content\/uploads\/2023\/02\/329527573_1397041011042735_8231581550741783682_n-1.jpg\" data-id=\"21881\" data-rel=\"iLightbox[gallery]\" data-title=\"329527573_1397041011042735_8231581550741783682_n\" data-caption=\"\">\n\t\t\t\t\t\tGallery\t\t\t\t\t<\/a>\n\t\t\t\t\t\t\t\t\t\t\t\t\t\t\n\t\t\n\t\t\t\t\t\t\t\t\n\t\t\t\t\t\t\t\t\n\t\t\n\t\t\t\t\t\t<a class=\"fusion-link-wrapper\" href=\"https:\/\/horan.ngo\/beta\/a-joint-statement-from-civil-society-organizations\/\" aria-label=\"\u0628\u064a\u0627\u0646 \u0645\u0634\u062a\u0631\u0643 \u0645\u0646 \u0645\u0646\u0638\u0645\u0627\u062a \u0627\u0644\u0645\u062c\u062a\u0645\u0639 \u0627\u0644\u0645\u062f\u0646\u064a\"><\/a>\n\t<\/div>\n<\/div>\n<\/div>\n<\/li>\n\t\t\t\n\t\t\t\n\t\t\t\t\t\t\t\t\t\t\t\t\t\t\t\t\t\t\t\t\t\t\t\t\t\t\t\t\t\t\t\t\t\t\t\t\t\t\t\t\t\t\t\t\t\t\t\t\t\t\t\t\t\t\t\t\t\t\t\t\t\t\t\t\t\t\t\t<\/ul>\n\t<\/div>\n\t<div class=\"fusion-post-content-wrapper\" style=\"padding:20px 0 0 0;\"><div class=\"fusion-post-content post-content\"><div class=\"fusion-timeline-circle\" style=\"background-color:#aacfe5;\"><\/div><div class=\"fusion-timeline-arrow\" style=\"color:#aacfe5;\"><\/div><h2 class=\"blog-shortcode-post-title entry-title\"><a href=\"https:\/\/horan.ngo\/beta\/a-joint-statement-from-civil-society-organizations\/\">\u0628\u064a\u0627\u0646 \u0645\u0634\u062a\u0631\u0643 \u0645\u0646 \u0645\u0646\u0638\u0645\u0627\u062a \u0627\u0644\u0645\u062c\u062a\u0645\u0639 \u0627\u0644\u0645\u062f\u0646\u064a<\/a><\/h2><\/div><\/div><div class=\"fusion-clearfix\"><\/div><\/div>\n<\/article>\n<\/div><\/div><\/div><div class=\"fusion-infinite-scroll-trigger\"><\/div><div class=\"pagination infinite-scroll clearfix\" style=\"display:none;\"><span class=\"current\">1<\/span><a href=\"https:\/\/horan.ngo\/beta\/wp-json\/wp\/v2\/pages\/16933\/page\/2\/\" class=\"inactive\">2<\/a><a class=\"pagination-next\" rel=\"next\" href=\"https:\/\/horan.ngo\/beta\/wp-json\/wp\/v2\/pages\/16933\/page\/2\/\"><span class=\"page-text\">Next<\/span><span class=\"page-next\"><\/span><\/a><\/div><div class=\"fusion-clearfix\"><\/div><button class=\"fusion-load-more-button fusion-blog-button fusion-clearfix\">Load More Posts<\/button><\/div><div class=\"fusion-clearfix\"><\/div><\/div><\/div><\/div><\/div><div class=\"fusion-fullwidth fullwidth-box fusion-builder-row-3 fusion-flex-container nonhundred-percent-fullwidth non-hundred-percent-height-scrolling\" style=\"--awb-border-radius-top-left:0px;--awb-border-radius-top-right:0px;--awb-border-radius-bottom-right:0px;--awb-border-radius-bottom-left:0px;--awb-padding-bottom:40px;--awb-flex-wrap:wrap;\" ><div class=\"fusion-builder-row fusion-row fusion-flex-align-items-flex-start fusion-flex-content-wrap\" style=\"max-width:1185.6px;margin-left: calc(-4% \/ 2 );margin-right: calc(-4% \/ 2 );\"><div class=\"fusion-layout-column fusion_builder_column fusion-builder-column-2 fusion_builder_column_1_3 1_3 fusion-flex-column\" style=\"--awb-bg-size:cover;--awb-width-large:33.333333333333%;--awb-margin-top-large:0px;--awb-spacing-right-large:5.76%;--awb-margin-bottom-large:0px;--awb-spacing-left-large:5.76%;--awb-width-medium:100%;--awb-order-medium:0;--awb-spacing-right-medium:1.92%;--awb-spacing-left-medium:1.92%;--awb-width-small:100%;--awb-order-small:0;--awb-spacing-right-small:1.92%;--awb-spacing-left-small:1.92%;\"><div class=\"fusion-column-wrapper fusion-column-has-shadow fusion-flex-justify-content-flex-start fusion-content-layout-column\"><\/div><\/div><div class=\"fusion-layout-column fusion_builder_column fusion-builder-column-3 fusion_builder_column_1_3 1_3 fusion-flex-column\" style=\"--awb-bg-size:cover;--awb-width-large:33.333333333333%;--awb-margin-top-large:0px;--awb-spacing-right-large:5.76%;--awb-margin-bottom-large:0px;--awb-spacing-left-large:5.76%;--awb-width-medium:100%;--awb-order-medium:0;--awb-spacing-right-medium:1.92%;--awb-spacing-left-medium:1.92%;--awb-width-small:100%;--awb-order-small:0;--awb-spacing-right-small:1.92%;--awb-spacing-left-small:1.92%;\"><div class=\"fusion-column-wrapper fusion-column-has-shadow fusion-flex-justify-content-flex-start fusion-content-layout-column\"><div class=\"fusion-text fusion-text-1\"><p style=\"text-align: center;\">\u062a\u0627\u0628\u0639\u0646\u0627 \u0639\u0644\u0649 \u0627\u0644\u0634\u0628\u0643\u0627\u062a \u0627\u0644\u0625\u062c\u062a\u0645\u0627\u0639\u064a\u0629<\/p>\n<\/div><div class=\"fusion-social-links fusion-social-links-1\" style=\"--awb-margin-top:0px;--awb-margin-right:0px;--awb-margin-bottom:0px;--awb-margin-left:0px;--awb-alignment:center;--awb-box-border-top:0px;--awb-box-border-right:0px;--awb-box-border-bottom:0px;--awb-box-border-left:0px;--awb-icon-colors-hover:rgba(52,85,139,0.8);--awb-box-colors-hover:rgba(255,255,255,0.12);--awb-box-border-color:var(--awb-color3);--awb-box-border-color-hover:var(--awb-color4);\"><div class=\"fusion-social-networks boxed-icons color-type-brand\"><div class=\"fusion-social-networks-wrapper\"><a class=\"fusion-social-network-icon fusion-tooltip fusion-facebook awb-icon-facebook\" style=\"color:#ffffff;font-size:18px;width:18px;background-color:#3b5998;border-color:#3b5998;border-radius:50%;\" data-placement=\"top\" data-title=\"Facebook\" data-toggle=\"tooltip\" title=\"Facebook\" aria-label=\"facebook\" target=\"_blank\" rel=\"noopener noreferrer\" href=\"https:\/\/facebook.com\/AhlHoranNGO\"><\/a><a class=\"fusion-social-network-icon fusion-tooltip fusion-twitter awb-icon-twitter\" style=\"color:#ffffff;font-size:18px;width:18px;background-color:#55acee;border-color:#55acee;border-radius:50%;\" data-placement=\"top\" data-title=\"Twitter\" data-toggle=\"tooltip\" title=\"Twitter\" aria-label=\"twitter\" target=\"_blank\" rel=\"noopener noreferrer\" href=\"https:\/\/twitter.com\/AhlHoranNGO\"><\/a><a class=\"fusion-social-network-icon fusion-tooltip fusion-instagram awb-icon-instagram\" style=\"color:#ffffff;font-size:18px;width:18px;background-color:#3f729b;border-color:#3f729b;border-radius:50%;\" data-placement=\"top\" data-title=\"Instagram\" data-toggle=\"tooltip\" title=\"Instagram\" aria-label=\"instagram\" target=\"_blank\" rel=\"noopener noreferrer\" href=\"https:\/\/instagram.com\/AhlHoranNGO\"><\/a><a class=\"fusion-social-network-icon fusion-tooltip fusion-youtube awb-icon-youtube\" style=\"color:#ffffff;font-size:18px;width:18px;background-color:#cd201f;border-color:#cd201f;border-radius:50%;\" data-placement=\"top\" data-title=\"YouTube\" data-toggle=\"tooltip\" title=\"YouTube\" aria-label=\"youtube\" target=\"_blank\" rel=\"noopener noreferrer\" href=\"https:\/\/www.youtube.com\/channel\/UCu9K1IfqGrQdQeCMmGGGmeA\"><\/a><a class=\"fusion-social-network-icon fusion-tooltip fusion-mail awb-icon-mail\" style=\"color:#ffffff;font-size:18px;width:18px;background-color:#000000;border-color:#000000;border-radius:50%;\" data-placement=\"top\" data-title=\"Email\" data-toggle=\"tooltip\" title=\"Email\" aria-label=\"mail\" target=\"_blank\" rel=\"noopener noreferrer\" href=\"mailto:&#105;n&#102;o&#064;ho&#114;&#097;n&#046;n&#103;o\"><\/a><\/div><\/div><\/div><\/div><\/div><div class=\"fusion-layout-column fusion_builder_column fusion-builder-column-4 fusion_builder_column_1_3 1_3 fusion-flex-column\" style=\"--awb-bg-size:cover;--awb-width-large:33.333333333333%;--awb-margin-top-large:0px;--awb-spacing-right-large:5.76%;--awb-margin-bottom-large:0px;--awb-spacing-left-large:5.76%;--awb-width-medium:100%;--awb-order-medium:0;--awb-spacing-right-medium:1.92%;--awb-spacing-left-medium:1.92%;--awb-width-small:100%;--awb-order-small:0;--awb-spacing-right-small:1.92%;--awb-spacing-left-small:1.92%;\"><div class=\"fusion-column-wrapper fusion-column-has-shadow fusion-flex-justify-content-flex-start fusion-content-layout-column\"><\/div><\/div><\/div><\/div><\/p>\n","protected":false},"excerpt":{"rendered":"","protected":false},"author":2,"featured_media":0,"parent":0,"menu_order":0,"comment_status":"closed","ping_status":"closed","template":"contact.php","meta":{"footnotes":""},"class_list":["post-16933","page","type-page","status-publish","hentry"],"_links":{"self":[{"href":"https:\/\/horan.ngo\/beta\/wp-json\/wp\/v2\/pages\/16933"}],"collection":[{"href":"https:\/\/horan.ngo\/beta\/wp-json\/wp\/v2\/pages"}],"about":[{"href":"https:\/\/horan.ngo\/beta\/wp-json\/wp\/v2\/types\/page"}],"author":[{"embeddable":true,"href":"https:\/\/horan.ngo\/beta\/wp-json\/wp\/v2\/users\/2"}],"replies":[{"embeddable":true,"href":"https:\/\/horan.ngo\/beta\/wp-json\/wp\/v2\/comments?post=16933"}],"version-history":[{"count":21,"href":"https:\/\/horan.ngo\/beta\/wp-json\/wp\/v2\/pages\/16933\/revisions"}],"predecessor-version":[{"id":20629,"href":"https:\/\/horan.ngo\/beta\/wp-json\/wp\/v2\/pages\/16933\/revisions\/20629"}],"wp:attachment":[{"href":"https:\/\/horan.ngo\/beta\/wp-json\/wp\/v2\/media?parent=16933"}],"curies":[{"name":"wp","href":"https:\/\/api.w.org\/{rel}","templated":true}]}}